{"id":47985,"date":"2023-11-24T13:03:13","date_gmt":"2023-11-24T12:03:13","guid":{"rendered":"https:\/\/espanoleschool.com\/?post_type=product&#038;p=47985\/"},"modified":"2024-07-22T14:55:31","modified_gmt":"2024-07-22T12:55:31","slug":"bolsa-espanole","status":"publish","type":"product","link":"https:\/\/espanoleschool.com\/it\/product\/bolsa-espanole\/","title":{"rendered":"Bolsa Espa\u00f1ol\u00e9"},"content":{"rendered":"<p>Bolsa de algod\u00f3n con asas largas de Espa\u00f1ol\u00e9.<\/p>\n","protected":false},"excerpt":{"rendered":"<p>Bolsa de algod\u00f3n con asas largas de Espa\u00f1ol\u00e9.<\/p>\n","protected":false},"featured_media":47910,"template":"","meta":{"content-type":"","rank_math_lock_modified_date":false,"_genesis_hide_title":false,"_genesis_hide_breadcrumbs":false,"_genesis_hide_singular_image":false,"_genesis_hide_footer_widgets":false,"_genesis_custom_body_class":"","_genesis_custom_post_class":"","_genesis_layout":"","_price":"10","_stock":"120","_tribe_ticket_header":"","_tribe_default_ticket_provider":"","_tribe_ticket_capacity":"136","_ticket_start_date":"","_ticket_end_date":"","_tribe_ticket_show_description":"","_tribe_ticket_show_not_going":false,"_tribe_ticket_use_global_stock":"","_tribe_ticket_global_stock_level":"","_global_stock_mode":"","_global_stock_cap":"","_tribe_rsvp_for_event":"","_tribe_ticket_going_count":"","_tribe_ticket_not_going_count":"","_tribe_tickets_list":[],"_tribe_ticket_has_attendee_info_fields":false},"product_cat":[488],"product_tag":[],"class_list":["post-47985","product","type-product","status-publish","has-post-thumbnail","product_cat-complementos","entry"],"_links":{"self":[{"href":"https:\/\/espanoleschool.com\/it\/wp-json\/wp\/v2\/product\/47985","targetHints":{"allow":["GET"]}}],"collection":[{"href":"https:\/\/espanoleschool.com\/it\/wp-json\/wp\/v2\/product"}],"about":[{"href":"https:\/\/espanoleschool.com\/it\/wp-json\/wp\/v2\/types\/product"}],"wp:featuredmedia":[{"embeddable":true,"href":"https:\/\/espanoleschool.com\/it\/wp-json\/wp\/v2\/media\/47910"}],"wp:attachment":[{"href":"https:\/\/espanoleschool.com\/it\/wp-json\/wp\/v2\/media?parent=47985"}],"wp:term":[{"taxonomy":"product_cat","embeddable":true,"href":"https:\/\/espanoleschool.com\/it\/wp-json\/wp\/v2\/product_cat?post=47985"},{"taxonomy":"product_tag","embeddable":true,"href":"https:\/\/espanoleschool.com\/it\/wp-json\/wp\/v2\/product_tag?post=47985"}],"curies":[{"name":"wp","href":"https:\/\/api.w.org\/{rel}","templated":true}]}}