{"id":47983,"date":"2023-11-23T20:42:35","date_gmt":"2023-11-23T19:42:35","guid":{"rendered":"https:\/\/espanoleschool.com\/?post_type=product&#038;p=47983\/"},"modified":"2024-07-22T14:58:37","modified_gmt":"2024-07-22T12:58:37","slug":"pin-espanole","status":"publish","type":"product","link":"https:\/\/espanoleschool.com\/fr\/product\/pin-espanole\/","title":{"rendered":"Abanico Espa\u00f1ol\u00e9"},"content":{"rendered":"<p>Abanico de Espa\u00f1ol\u00e9 varillas de madera, color azul. Ideal para refrescarse en los d\u00edas de calor de Valencia. Producto muy t\u00edpico de la cultura Espa\u00f1ola.<\/p>\n","protected":false},"excerpt":{"rendered":"<p>Abanico de Espa\u00f1ol\u00e9 varillas de madera, color azul. Ideal para refrescarse en los d\u00edas de calor de Valencia.<\/p>\n","protected":false},"featured_media":47894,"template":"","meta":{"content-type":"","rank_math_lock_modified_date":false,"_genesis_hide_title":false,"_genesis_hide_breadcrumbs":false,"_genesis_hide_singular_image":false,"_genesis_hide_footer_widgets":false,"_genesis_custom_body_class":"","_genesis_custom_post_class":"","_genesis_layout":"","_price":"15","_stock":"287","_tribe_ticket_header":"","_tribe_default_ticket_provider":"","_tribe_ticket_capacity":"288","_ticket_start_date":"","_ticket_end_date":"","_tribe_ticket_show_description":"","_tribe_ticket_show_not_going":false,"_tribe_ticket_use_global_stock":"","_tribe_ticket_global_stock_level":"","_global_stock_mode":"","_global_stock_cap":"","_tribe_rsvp_for_event":"","_tribe_ticket_going_count":"","_tribe_ticket_not_going_count":"","_tribe_tickets_list":[],"_tribe_ticket_has_attendee_info_fields":false},"product_cat":[488],"product_tag":[],"class_list":["post-47983","product","type-product","status-publish","has-post-thumbnail","product_cat-complementos","entry"],"_links":{"self":[{"href":"https:\/\/espanoleschool.com\/fr\/wp-json\/wp\/v2\/product\/47983","targetHints":{"allow":["GET"]}}],"collection":[{"href":"https:\/\/espanoleschool.com\/fr\/wp-json\/wp\/v2\/product"}],"about":[{"href":"https:\/\/espanoleschool.com\/fr\/wp-json\/wp\/v2\/types\/product"}],"wp:featuredmedia":[{"embeddable":true,"href":"https:\/\/espanoleschool.com\/fr\/wp-json\/wp\/v2\/media\/47894"}],"wp:attachment":[{"href":"https:\/\/espanoleschool.com\/fr\/wp-json\/wp\/v2\/media?parent=47983"}],"wp:term":[{"taxonomy":"product_cat","embeddable":true,"href":"https:\/\/espanoleschool.com\/fr\/wp-json\/wp\/v2\/product_cat?post=47983"},{"taxonomy":"product_tag","embeddable":true,"href":"https:\/\/espanoleschool.com\/fr\/wp-json\/wp\/v2\/product_tag?post=47983"}],"curies":[{"name":"wp","href":"https:\/\/api.w.org\/{rel}","templated":true}]}}