{"id":48179,"date":"2023-12-15T13:51:32","date_gmt":"2023-12-15T12:51:32","guid":{"rendered":"https:\/\/espanoleschool.com\/?post_type=product&#038;p=48179\/"},"modified":"2024-07-22T14:53:28","modified_gmt":"2024-07-22T12:53:28","slug":"camiseta-mujer-espanole","status":"publish","type":"product","link":"https:\/\/espanoleschool.com\/es\/product\/camiseta-mujer-espanole\/","title":{"rendered":"Camiseta Mujer Espa\u00f1ol\u00e9"},"content":{"rendered":"<p>\u00a1Camiseta Espa\u00f1ol\u00e9! Dise\u00f1ada para los amantes de la lengua y cultura espa\u00f1olas, esta camiseta es un tributo a la energ\u00eda y pasi\u00f3n que caracteriza a nuestra prestigiosa escuela de espa\u00f1ol, Espa\u00f1ol\u00e9. Perfecta tanto para el aula como para explorar las coloridas calles de Valencia, esta camiseta combina comodidad y estilo.<\/p>\n","protected":false},"excerpt":{"rendered":"<p>Camiseta de algod\u00f3n! Para disfrutar en la playa de la Malvarrosa!<\/p>\n<p>&nbsp;<\/p>\n","protected":false},"featured_media":48190,"template":"","meta":{"content-type":"","rank_math_lock_modified_date":false,"_genesis_hide_title":false,"_genesis_hide_breadcrumbs":false,"_genesis_hide_singular_image":false,"_genesis_hide_footer_widgets":false,"_genesis_custom_body_class":"","_genesis_custom_post_class":"","_genesis_layout":"","_price":"20","_stock":"53","_tribe_ticket_header":"","_tribe_default_ticket_provider":"","_tribe_ticket_capacity":"55","_ticket_start_date":"","_ticket_end_date":"","_tribe_ticket_show_description":"","_tribe_ticket_show_not_going":false,"_tribe_ticket_use_global_stock":"","_tribe_ticket_global_stock_level":"","_global_stock_mode":"","_global_stock_cap":"","_tribe_rsvp_for_event":"","_tribe_ticket_going_count":"","_tribe_ticket_not_going_count":"","_tribe_tickets_list":[],"_tribe_ticket_has_attendee_info_fields":false},"product_cat":[487],"product_tag":[],"class_list":["post-48179","product","type-product","status-publish","has-post-thumbnail","product_cat-camisetas","entry"],"_links":{"self":[{"href":"https:\/\/espanoleschool.com\/es\/wp-json\/wp\/v2\/product\/48179","targetHints":{"allow":["GET"]}}],"collection":[{"href":"https:\/\/espanoleschool.com\/es\/wp-json\/wp\/v2\/product"}],"about":[{"href":"https:\/\/espanoleschool.com\/es\/wp-json\/wp\/v2\/types\/product"}],"wp:featuredmedia":[{"embeddable":true,"href":"https:\/\/espanoleschool.com\/es\/wp-json\/wp\/v2\/media\/48190"}],"wp:attachment":[{"href":"https:\/\/espanoleschool.com\/es\/wp-json\/wp\/v2\/media?parent=48179"}],"wp:term":[{"taxonomy":"product_cat","embeddable":true,"href":"https:\/\/espanoleschool.com\/es\/wp-json\/wp\/v2\/product_cat?post=48179"},{"taxonomy":"product_tag","embeddable":true,"href":"https:\/\/espanoleschool.com\/es\/wp-json\/wp\/v2\/product_tag?post=48179"}],"curies":[{"name":"wp","href":"https:\/\/api.w.org\/{rel}","templated":true}]}}