{"id":47988,"date":"2023-11-24T13:56:17","date_gmt":"2023-11-24T12:56:17","guid":{"rendered":"https:\/\/espanoleschool.com\/?post_type=product&#038;p=47988\/"},"modified":"2024-07-22T14:50:48","modified_gmt":"2024-07-22T12:50:48","slug":"chanclas-espanole-2","status":"publish","type":"product","link":"https:\/\/espanoleschool.com\/es\/product\/chanclas-espanole-2\/","title":{"rendered":"Chanclas Espa\u00f1ol\u00e9"},"content":{"rendered":"<p>Chanclas blancas de Espa\u00f1ol\u00e9 ideales para ir a la playa de la malvarrosa, a la piscina o al gimnasio.<\/p>\n","protected":false},"excerpt":{"rendered":"<p>Chanclas blancas de Espa\u00f1ol\u00e9 ideales para ir a la playa de la malvarrosa, a la piscina o al gimnasio.<\/p>\n","protected":false},"featured_media":47886,"template":"","meta":{"content-type":"","rank_math_lock_modified_date":false,"_genesis_hide_title":false,"_genesis_hide_breadcrumbs":false,"_genesis_hide_singular_image":false,"_genesis_hide_footer_widgets":false,"_genesis_custom_body_class":"","_genesis_custom_post_class":"","_genesis_layout":"","_price":"10","_stock":"33","_tribe_ticket_header":"","_tribe_default_ticket_provider":"","_tribe_ticket_capacity":"33","_ticket_start_date":"","_ticket_end_date":"","_tribe_ticket_show_description":"","_tribe_ticket_show_not_going":false,"_tribe_ticket_use_global_stock":"","_tribe_ticket_global_stock_level":"","_global_stock_mode":"","_global_stock_cap":"","_tribe_rsvp_for_event":"","_tribe_ticket_going_count":"","_tribe_ticket_not_going_count":"","_tribe_tickets_list":[],"_tribe_ticket_has_attendee_info_fields":false},"product_cat":[488],"product_tag":[],"class_list":["post-47988","product","type-product","status-publish","has-post-thumbnail","product_cat-complementos","entry"],"_links":{"self":[{"href":"https:\/\/espanoleschool.com\/es\/wp-json\/wp\/v2\/product\/47988","targetHints":{"allow":["GET"]}}],"collection":[{"href":"https:\/\/espanoleschool.com\/es\/wp-json\/wp\/v2\/product"}],"about":[{"href":"https:\/\/espanoleschool.com\/es\/wp-json\/wp\/v2\/types\/product"}],"wp:featuredmedia":[{"embeddable":true,"href":"https:\/\/espanoleschool.com\/es\/wp-json\/wp\/v2\/media\/47886"}],"wp:attachment":[{"href":"https:\/\/espanoleschool.com\/es\/wp-json\/wp\/v2\/media?parent=47988"}],"wp:term":[{"taxonomy":"product_cat","embeddable":true,"href":"https:\/\/espanoleschool.com\/es\/wp-json\/wp\/v2\/product_cat?post=47988"},{"taxonomy":"product_tag","embeddable":true,"href":"https:\/\/espanoleschool.com\/es\/wp-json\/wp\/v2\/product_tag?post=47988"}],"curies":[{"name":"wp","href":"https:\/\/api.w.org\/{rel}","templated":true}]}}